{"id":542,"date":"2016-02-18T08:16:45","date_gmt":"2016-02-18T07:16:45","guid":{"rendered":"http:\/\/new.couleurlave.com\/en\/salles-de-bain\/"},"modified":"2020-03-11T08:10:45","modified_gmt":"2020-03-11T07:10:45","slug":"salles-de-bain","status":"publish","type":"page","link":"https:\/\/www.couleurlave.com\/en\/salles-de-bain\/","title":{"rendered":"Glazed lava stone bathrooms"},"content":{"rendered":"<p>[et_pb_section bb_built=&#8221;1&#8243; admin_label=&#8221;section&#8221; next_background_color=&#8221;#f5f5f5&#8243;][et_pb_row admin_label=&#8221;row&#8221; background_position=&#8221;top_left&#8221; background_repeat=&#8221;repeat&#8221; background_size=&#8221;initial&#8221;][et_pb_column type=&#8221;1_2&#8243;][et_pb_gallery gallery_ids=&#8221;836,834,832,830,828,826,822,818,824,820,810,812,814,816,808,798,800,802,804,806,796&#8243; fullwidth=&#8221;on&#8221; show_title_and_caption=&#8221;on&#8221; show_pagination=&#8221;on&#8221; background_layout=&#8221;light&#8221; auto=&#8221;on&#8221; auto_speed=&#8221;5000&#8243; hover_overlay_color=&#8221;rgba(255,255,255,0.9)&#8221; caption_font_size=&#8221;14&#8243; caption_all_caps=&#8221;off&#8221; title_font_size=&#8221;16&#8243; use_border_color=&#8221;off&#8221; border_color=&#8221;#ffffff&#8221; border_style=&#8221;solid&#8221; gallery_orderby=&#8221;rand&#8221;]<\/p>\n<p>&nbsp;<\/p>\n<p>[\/et_pb_gallery][\/et_pb_column][et_pb_column type=&#8221;1_2&#8243;][et_pb_code admin_label=&#8221;Titre&#8221;]&lt;h1&gt;Lava stone bathrooms&lt;\/h1&gt;[\/et_pb_code][et_pb_text use_border_color=&#8221;off&#8221; custom_css_main_element=&#8221;margin-top:-20px;&#8221; background_position=&#8221;top_left&#8221; background_repeat=&#8221;repeat&#8221; background_size=&#8221;initial&#8221; _builder_version=&#8221;3.5.1&#8243;]<\/p>\n<p>Our glazed lava stone wash basins are handcrafted from the lava of the volcanoes.<\/p>\n<p>The enameled lava is characterized by its cracks that resemble Japanese ceramics. This shrinkage of pigmentation given by the cracking makes it unique.<\/p>\n<p>Aesthetic, luminous and original, it is the touch of decoration that will give a soul to your bathroom.<\/p>\n<p>[\/et_pb_text][\/et_pb_column][\/et_pb_row][\/et_pb_section][et_pb_section bb_built=&#8221;1&#8243; fullwidth=&#8221;off&#8221; specialty=&#8221;off&#8221; transparent_background=&#8221;off&#8221; background_color=&#8221;#f5f5f5&#8243; allow_player_pause=&#8221;off&#8221; inner_shadow=&#8221;off&#8221; parallax=&#8221;off&#8221; parallax_method=&#8221;off&#8221; custom_padding=&#8221;10px||10px|&#8221; padding_mobile=&#8221;off&#8221; make_fullwidth=&#8221;off&#8221; use_custom_width=&#8221;off&#8221; width_unit=&#8221;on&#8221; make_equal=&#8221;off&#8221; use_custom_gutter=&#8221;off&#8221; gutter_width=&#8221;3&#8243; custom_padding_tablet=&#8221;50px|0|50px|0&#8243; custom_padding_last_edited=&#8221;on|desktop&#8221; prev_background_color=&#8221;#ffffff&#8221; next_background_color=&#8221;#ffffff&#8221;][et_pb_row make_fullwidth=&#8221;off&#8221; use_custom_width=&#8221;off&#8221; width_unit=&#8221;on&#8221; use_custom_gutter=&#8221;off&#8221; gutter_width=&#8221;3&#8243; padding_mobile=&#8221;off&#8221; allow_player_pause=&#8221;off&#8221; parallax=&#8221;off&#8221; parallax_method=&#8221;off&#8221; make_equal=&#8221;off&#8221; parallax_1=&#8221;off&#8221; parallax_method_1=&#8221;off&#8221; parallax_2=&#8221;off&#8221; parallax_method_2=&#8221;off&#8221; column_padding_mobile=&#8221;on&#8221; background_position=&#8221;top_left&#8221; background_repeat=&#8221;repeat&#8221; background_size=&#8221;initial&#8221;][et_pb_column type=&#8221;1_2&#8243;][et_pb_cta title=&#8221;Custom furniture&#8221; button_url=&#8221;https:\/\/www.couleurlave.com\/wp-content\/uploads\/2017\/05\/Catalogue-Bathrom-2017_INSIDE-page-per-page-LOWRES-Mai.pdf&#8221; url_new_window=&#8221;on&#8221; button_text=&#8221;Download Catalog&#8221; use_background_color=&#8221;on&#8221; background_color=&#8221;#f5f5f5&#8243; background_layout=&#8221;light&#8221; text_orientation=&#8221;left&#8221; header_font_size=&#8221;26&#8243; body_font_size=&#8221;14&#8243; use_border_color=&#8221;off&#8221; border_color=&#8221;#ffffff&#8221; border_style=&#8221;solid&#8221; custom_button=&#8221;off&#8221; button_text_size=&#8221;20&#8243; button_border_width=&#8221;2&#8243; button_border_radius=&#8221;3&#8243; button_letter_spacing=&#8221;0&#8243; button_use_icon=&#8221;default&#8221; button_icon_placement=&#8221;right&#8221; button_on_hover=&#8221;on&#8221; button_border_radius_hover=&#8221;3&#8243; button_letter_spacing_hover=&#8221;0&#8243; custom_padding=&#8221;20px|||&#8221; saved_tabs=&#8221;all&#8221; background_position=&#8221;top_left&#8221; background_repeat=&#8221;repeat&#8221; background_size=&#8221;initial&#8221;]<\/p>\n<p>The bathroom is equipped with noble materials such as wood and stone. Our bathroom furniture has a finishing and an exemplary quality. Our collection includes several pieces of furniture combining: wood, synthetic rattan and enameled lava stone for unique plans and basins.<\/p>\n<p>[\/et_pb_cta][\/et_pb_column][et_pb_column type=&#8221;1_2&#8243;][et_pb_gallery gallery_ids=&#8221;836,834,832,830,828,826,822,818,824,820,810,812,814,816,808,798,800,802,804,806,796&#8243; fullwidth=&#8221;on&#8221; show_title_and_caption=&#8221;on&#8221; show_pagination=&#8221;on&#8221; background_layout=&#8221;light&#8221; auto=&#8221;on&#8221; auto_speed=&#8221;5000&#8243; hover_overlay_color=&#8221;rgba(255,255,255,0.9)&#8221; caption_font_size=&#8221;14&#8243; caption_all_caps=&#8221;off&#8221; title_font_size=&#8221;16&#8243; use_border_color=&#8221;off&#8221; border_color=&#8221;#ffffff&#8221; border_style=&#8221;solid&#8221; gallery_orderby=&#8221;rand&#8221; _builder_version=&#8221;3.5.1&#8243;]<\/p>\n<p>&nbsp;<\/p>\n<p>[\/et_pb_gallery][\/et_pb_column][\/et_pb_row][\/et_pb_section][et_pb_section bb_built=&#8221;1&#8243; admin_label=&#8221;section&#8221; transparent_background=&#8221;off&#8221; allow_player_pause=&#8221;off&#8221; inner_shadow=&#8221;off&#8221; parallax=&#8221;off&#8221; parallax_method=&#8221;off&#8221; padding_mobile=&#8221;off&#8221; make_fullwidth=&#8221;off&#8221; use_custom_width=&#8221;off&#8221; width_unit=&#8221;on&#8221; make_equal=&#8221;off&#8221; use_custom_gutter=&#8221;off&#8221; gutter_width=&#8221;3&#8243; disabled=&#8221;on&#8221; custom_padding_tablet=&#8221;50px|0|50px|0&#8243; custom_padding_last_edited=&#8221;on|desktop&#8221; prev_background_color=&#8221;#f5f5f5&#8243; next_background_color=&#8221;#000000&#8243;][et_pb_row][et_pb_column type=&#8221;1_4&#8243;][et_pb_blurb admin_label=&#8221;Cuisines&#8221; title=&#8221;Cuisines&#8221; url_new_window=&#8221;off&#8221; use_icon=&#8221;off&#8221; icon_color=&#8221;#2ea3f2&#8243; use_circle=&#8221;off&#8221; circle_color=&#8221;#2ea3f2&#8243; use_circle_border=&#8221;off&#8221; circle_border_color=&#8221;#2ea3f2&#8243; image=&#8221;https:\/\/www.couleurlave.com\/wp-content\/uploads\/2016\/02\/cuisines-225.jpg&#8221; icon_placement=&#8221;top&#8221; animation=&#8221;off&#8221; background_layout=&#8221;light&#8221; text_orientation=&#8221;center&#8221; use_icon_font_size=&#8221;off&#8221; header_font_size=&#8221;18&#8243; body_font_size=&#8221;14&#8243; use_border_color=&#8221;off&#8221; border_color=&#8221;#2a8698&#8243; border_style=&#8221;solid&#8221; url=&#8221;\/fr\/cuisines\/&#8221;]<\/p>\n<p>Des meubles de cuisines utilisant les propri\u00e9t\u00e9s exceptionnelles de la pierre de lave \u00e9maill\u00e9e.<\/p>\n<p>[\/et_pb_blurb][\/et_pb_column][et_pb_column type=&#8221;1_4&#8243;][et_pb_blurb admin_label=&#8221;Salles de bains&#8221; title=&#8221;Salles de bains&#8221; url_new_window=&#8221;off&#8221; use_icon=&#8221;off&#8221; icon_color=&#8221;#2ea3f2&#8243; use_circle=&#8221;off&#8221; circle_color=&#8221;#2ea3f2&#8243; use_circle_border=&#8221;off&#8221; circle_border_color=&#8221;#2ea3f2&#8243; image=&#8221;https:\/\/www.couleurlave.com\/wp-content\/uploads\/2016\/02\/salles-de-bain-225.jpg&#8221; icon_placement=&#8221;top&#8221; animation=&#8221;off&#8221; background_layout=&#8221;light&#8221; text_orientation=&#8221;center&#8221; use_icon_font_size=&#8221;off&#8221; header_font_size=&#8221;18&#8243; body_font_size=&#8221;14&#8243; use_border_color=&#8221;off&#8221; border_color=&#8221;#ffffff&#8221; border_style=&#8221;solid&#8221; url=&#8221;\/fr\/salles-de-bain\/&#8221;]<\/p>\n<p>Les propri\u00e9t\u00e9s de la pierre de la lave \u00e9maill\u00e9e la rende parfaite pour vos salles de bains.<\/p>\n<p>[\/et_pb_blurb][\/et_pb_column][et_pb_column type=&#8221;1_4&#8243;][et_pb_blurb admin_label=&#8221;Tables&#8221; title=&#8221;Tables&#8221; url_new_window=&#8221;off&#8221; use_icon=&#8221;off&#8221; icon_color=&#8221;#2ea3f2&#8243; use_circle=&#8221;off&#8221; circle_color=&#8221;#2ea3f2&#8243; use_circle_border=&#8221;off&#8221; circle_border_color=&#8221;#2ea3f2&#8243; image=&#8221;https:\/\/www.couleurlave.com\/wp-content\/uploads\/2016\/02\/tables-225.jpg&#8221; icon_placement=&#8221;top&#8221; animation=&#8221;off&#8221; background_layout=&#8221;light&#8221; text_orientation=&#8221;center&#8221; use_icon_font_size=&#8221;off&#8221; header_font_size=&#8221;18&#8243; body_font_size=&#8221;14&#8243; use_border_color=&#8221;off&#8221; border_color=&#8221;#ffffff&#8221; border_style=&#8221;solid&#8221; url=&#8221;\/fr\/tables\/&#8221;]<\/p>\n<p>Belles tables d&#8217;int\u00e9rieur et d&#8217;ext\u00e9rieur en bois, acier et p\u00eeerre de lave \u00e9maill\u00e9e.<\/p>\n<p>[\/et_pb_blurb][\/et_pb_column][et_pb_column type=&#8221;1_4&#8243;][et_pb_blurb admin_label=&#8221;D\u00e9coration&#8221; title=&#8221;D\u00e9coration&#8221; url_new_window=&#8221;off&#8221; use_icon=&#8221;off&#8221; icon_color=&#8221;#7EBEC5&#8243; use_circle=&#8221;off&#8221; circle_color=&#8221;#7EBEC5&#8243; use_circle_border=&#8221;off&#8221; circle_border_color=&#8221;#7EBEC5&#8243; icon_placement=&#8221;top&#8221; animation=&#8221;off&#8221; background_layout=&#8221;light&#8221; text_orientation=&#8221;center&#8221; use_icon_font_size=&#8221;off&#8221; header_font_size=&#8221;18&#8243; body_font_size=&#8221;14&#8243; use_border_color=&#8221;off&#8221; border_color=&#8221;#ffffff&#8221; border_style=&#8221;solid&#8221; image=&#8221;https:\/\/www.couleurlave.com\/wp-content\/uploads\/2016\/02\/decoration-225.jpg&#8221; url=&#8221;\/fr\/decoration\/&#8221;]<\/p>\n<p>Des objets d&#8217;art et de d\u00e9coration en pierre de lave \u00e9maill\u00e9e pour le plaisir de vos yeux.<\/p>\n<p>[\/et_pb_blurb][\/et_pb_column][\/et_pb_row][\/et_pb_section]<\/p>\n","protected":false},"excerpt":{"rendered":"<p>[et_pb_section bb_built=&#8221;1&#8243; admin_label=&#8221;section&#8221; next_background_color=&#8221;#f5f5f5&#8243;][et_pb_row admin_label=&#8221;row&#8221; background_position=&#8221;top_left&#8221; background_repeat=&#8221;repeat&#8221; background_size=&#8221;initial&#8221;][et_pb_column type=&#8221;1_2&#8243;][et_pb_gallery gallery_ids=&#8221;836,834,832,830,828,826,822,818,824,820,810,812,814,816,808,798,800,802,804,806,796&#8243; fullwidth=&#8221;on&#8221; show_title_and_caption=&#8221;on&#8221; show_pagination=&#8221;on&#8221; background_layout=&#8221;light&#8221; auto=&#8221;on&#8221; auto_speed=&#8221;5000&#8243; hover_overlay_color=&#8221;rgba(255,255,255,0.9)&#8221; caption_font_size=&#8221;14&#8243; caption_all_caps=&#8221;off&#8221; title_font_size=&#8221;16&#8243; use_border_color=&#8221;off&#8221; border_color=&#8221;#ffffff&#8221; border_style=&#8221;solid&#8221; gallery_orderby=&#8221;rand&#8221;] &nbsp; [\/et_pb_gallery][\/et_pb_column][et_pb_column type=&#8221;1_2&#8243;][et_pb_code admin_label=&#8221;Titre&#8221;]&lt;h1&gt;Lava stone bathrooms&lt;\/h1&gt;[\/et_pb_code][et_pb_text use_border_color=&#8221;off&#8221; custom_css_main_element=&#8221;margin-top:-20px;&#8221; background_position=&#8221;top_left&#8221; background_repeat=&#8221;repeat&#8221; background_size=&#8221;initial&#8221; _builder_version=&#8221;3.5.1&#8243;] Our glazed lava stone wash basins are handcrafted from the lava of the volcanoes. The enameled lava is characterized [&hellip;]<\/p>\n","protected":false},"author":1,"featured_media":0,"parent":0,"menu_order":0,"comment_status":"closed","ping_status":"closed","template":"","meta":[],"_links":{"self":[{"href":"https:\/\/www.couleurlave.com\/en\/wp-json\/wp\/v2\/pages\/542"}],"collection":[{"href":"https:\/\/www.couleurlave.com\/en\/wp-json\/wp\/v2\/pages"}],"about":[{"href":"https:\/\/www.couleurlave.com\/en\/wp-json\/wp\/v2\/types\/page"}],"author":[{"embeddable":true,"href":"https:\/\/www.couleurlave.com\/en\/wp-json\/wp\/v2\/users\/1"}],"replies":[{"embeddable":true,"href":"https:\/\/www.couleurlave.com\/en\/wp-json\/wp\/v2\/comments?post=542"}],"version-history":[{"count":42,"href":"https:\/\/www.couleurlave.com\/en\/wp-json\/wp\/v2\/pages\/542\/revisions"}],"predecessor-version":[{"id":1689,"href":"https:\/\/www.couleurlave.com\/en\/wp-json\/wp\/v2\/pages\/542\/revisions\/1689"}],"wp:attachment":[{"href":"https:\/\/www.couleurlave.com\/en\/wp-json\/wp\/v2\/media?parent=542"}],"curies":[{"name":"wp","href":"https:\/\/api.w.org\/{rel}","templated":true}]}}